{"id":110,"date":"2024-06-07T08:48:42","date_gmt":"2024-06-07T11:48:42","guid":{"rendered":"http:\/\/pplay.local\/?page_id=110"},"modified":"2024-06-08T21:47:24","modified_gmt":"2024-06-09T00:47:24","slug":"gameobject","status":"publish","type":"page","link":"http:\/\/www2.ic.uff.br\/pplay\/documentacao\/gameobject\/","title":{"rendered":"GameObject"},"content":{"rendered":"\n<p>Classe b\u00e1sica para lidar com objetos gerais do jogo. N\u00e3o possui representa\u00e7\u00e3o gr\u00e1fica.<\/p>\n\n\n\n<hr class=\"wp-block-separator has-alpha-channel-opacity\"\/>\n\n\n\n<h2 class=\"wp-block-heading\">Fun\u00e7\u00f5es da Classe<\/h2>\n\n\n\n<p><strong>GameObject()<\/strong><br>Cria um\u00a0<strong>GameObject<\/strong>\u00a0de dimens\u00f5es (0,0) na posi\u00e7\u00e3o (0,0).<\/p>\n\n\n\n<p><strong>collided(game_object)<\/strong><br>Retorna um\u00a0<em>boolean<\/em>\u00a0que indica se esse objeto colidiu com o\u00a0<em>game_object<\/em>.<\/p>\n","protected":false},"excerpt":{"rendered":"<p>Classe b\u00e1sica para lidar com objetos gerais do jogo. N\u00e3o possui representa\u00e7\u00e3o gr\u00e1fica. Fun\u00e7\u00f5es da Classe GameObject()Cria um\u00a0GameObject\u00a0de dimens\u00f5es (0,0) na posi\u00e7\u00e3o (0,0). collided(game_object)Retorna um\u00a0boolean\u00a0que indica se esse objeto colidiu com o\u00a0game_object.<\/p>\n","protected":false},"author":1,"featured_media":0,"parent":38,"menu_order":4,"comment_status":"closed","ping_status":"closed","template":"document-template.php","meta":{"footnotes":""},"_links":{"self":[{"href":"http:\/\/www2.ic.uff.br\/pplay\/wp-json\/wp\/v2\/pages\/110"}],"collection":[{"href":"http:\/\/www2.ic.uff.br\/pplay\/wp-json\/wp\/v2\/pages"}],"about":[{"href":"http:\/\/www2.ic.uff.br\/pplay\/wp-json\/wp\/v2\/types\/page"}],"author":[{"embeddable":true,"href":"http:\/\/www2.ic.uff.br\/pplay\/wp-json\/wp\/v2\/users\/1"}],"replies":[{"embeddable":true,"href":"http:\/\/www2.ic.uff.br\/pplay\/wp-json\/wp\/v2\/comments?post=110"}],"version-history":[{"count":2,"href":"http:\/\/www2.ic.uff.br\/pplay\/wp-json\/wp\/v2\/pages\/110\/revisions"}],"predecessor-version":[{"id":289,"href":"http:\/\/www2.ic.uff.br\/pplay\/wp-json\/wp\/v2\/pages\/110\/revisions\/289"}],"up":[{"embeddable":true,"href":"http:\/\/www2.ic.uff.br\/pplay\/wp-json\/wp\/v2\/pages\/38"}],"wp:attachment":[{"href":"http:\/\/www2.ic.uff.br\/pplay\/wp-json\/wp\/v2\/media?parent=110"}],"curies":[{"name":"wp","href":"https:\/\/api.w.org\/{rel}","templated":true}]}}