{"id":135,"date":"2024-06-07T08:59:21","date_gmt":"2024-06-07T11:59:21","guid":{"rendered":"http:\/\/pplay.local\/?page_id=135"},"modified":"2024-06-20T23:05:21","modified_gmt":"2024-06-21T02:05:21","slug":"publicar-jogo","status":"publish","type":"page","link":"http:\/\/www2.ic.uff.br\/pplay\/tutoriais\/publicar-jogo\/","title":{"rendered":"Publicar Jogo"},"content":{"rendered":"\n<p>Alunos da disciplina Laborat\u00f3rio de Programa\u00e7\u00e3o de Jogos (UFF) devem publicar os seus jogos aqui. Para isso, solicite ao administrador atrav\u00e9s da nossa p\u00e1gina de <a href=\"http:\/\/www2.ic.uff.br\/pplay\/contato\/\" data-type=\"page\" data-id=\"61\">Contato<\/a> um login exclusivo para que voc\u00ea crie sua postagem e divulgue seu jogo, e siga as instru\u00e7\u00f5es abaixo.<\/p>\n\n\n\n<h2 class=\"wp-block-heading\">Pr\u00e9-Requisitos<\/h2>\n\n\n\n<p>Para publicar seu jogo voc\u00ea vai precisar ter em m\u00e3os:<\/p>\n\n\n\n<ul>\n<li>Um link do seu jogo publicado na plataforma itch.io de onde os leitores poder\u00e3o baixar seu jogo;<\/li>\n\n\n\n<li>Um link do teaser do seu jogo na plataforma youtube;<\/li>\n\n\n\n<li>Uma imagem para ser a capa da postagem;<\/li>\n\n\n\n<li>Um texto com a descri\u00e7\u00e3o do seu jogo;<\/li>\n\n\n\n<li>Um texto com o conte\u00fado do seu jogo explicando a din\u00e2mica e os objetivos;<\/li>\n\n\n\n<li>Os nomes dos desenvolvedores do jogo e tamb\u00e9m dos autores do design do seu jogo (caso esteja fazendo o uso de imagens, \u00e1udios ou qualquer outro conte\u00fado de terceiros);<\/li>\n\n\n\n<li>Um Login fornecido por algum administrador.<\/li>\n<\/ul>\n\n\n\n<p>Os itens abaixo s\u00e3o opcionais, mas podem ser muito interessantes na sua postagem:<\/p>\n\n\n\n<ul>\n<li>Link para um reposit\u00f3rio remoto como GitHub ou GitLab;<\/li>\n\n\n\n<li>Um texto com instru\u00e7\u00f5es de instala\u00e7\u00e3o;<\/li>\n\n\n\n<li>As principais imagens do seu jogo (2 ou 3);<\/li>\n\n\n\n<li>Um texto de agradecimento ou dedicat\u00f3ria.<\/li>\n<\/ul>\n\n\n\n<p>N\u00e3o coloque muitas imagens na postagem, nem carregue arquivos pesados (acima de 1Mb), sob pena de ter a postagem apagada. D\u00ea prefer\u00eancia a imagens no formato .webp que costumam ser muito mais leves que os formatos .png ou .jpg (menos da metade do tamanho) e s\u00e3o reconhecidos pelos navegadores. Al\u00e9m disso, n\u00e3o use largura superior a 1000px. Lembre-se de seguir o padr\u00e3o de publica\u00e7\u00e3o que ser\u00e1 descrita abaixo para ter sua postagem aprovada pelos administradores.<\/p>\n\n\n\n<p>Com todos os requisitos em m\u00e3os, <a href=\"http:\/\/www2.ic.uff.br\/pplay\/wp-admin\/post-new.php\">clique aqui<\/a> para ir para a p\u00e1gina de login. Ao entrar voc\u00ea estar\u00e1 na p\u00e1gina de publica\u00e7\u00e3o da sua postagem.<\/p>\n\n\n<div class=\"wp-block-image\">\n<figure class=\"aligncenter size-full is-resized\"><img loading=\"lazy\" decoding=\"async\" width=\"861\" height=\"469\" src=\"http:\/\/www2.ic.uff.br\/pplay\/wp-content\/uploads\/2024\/06\/image-5.png\" alt=\"\" class=\"wp-image-532\" style=\"width:503px;height:auto\" srcset=\"http:\/\/www2.ic.uff.br\/pplay\/wp-content\/uploads\/2024\/06\/image-5.png 861w, http:\/\/www2.ic.uff.br\/pplay\/wp-content\/uploads\/2024\/06\/image-5-300x163.png 300w, http:\/\/www2.ic.uff.br\/pplay\/wp-content\/uploads\/2024\/06\/image-5-768x418.png 768w\" sizes=\"(max-width: 861px) 100vw, 861px\" \/><\/figure><\/div>\n\n\n<h2 class=\"wp-block-heading\">Conte\u00fado da Publica\u00e7\u00e3o<\/h2>\n\n\n\n<p>No t\u00edtulo coloque apenas o nome do seu jogo. Aperte enter para criar um bloco de &#8220;par\u00e1grafo&#8221; e coloque a descri\u00e7\u00e3o do seu jogo aqui. Ent\u00e3o voc\u00ea pode colar o link do teaser do seu jogo e automaticamente o v\u00eddeo ser\u00e1 incorporado ao post. Para adicionar uma se\u00e7\u00e3o, clique no + mostrado na imagem e adicione um t\u00edtulo &#8220;Conte\u00fado do Jogo&#8221; para escrever a pr\u00f3xima.<\/p>\n\n\n<div class=\"wp-block-image\">\n<figure class=\"aligncenter size-full is-resized\"><img loading=\"lazy\" decoding=\"async\" width=\"861\" height=\"587\" src=\"http:\/\/www2.ic.uff.br\/pplay\/wp-content\/uploads\/2024\/06\/image-6.png\" alt=\"\" class=\"wp-image-534\" style=\"width:532px;height:auto\" srcset=\"http:\/\/www2.ic.uff.br\/pplay\/wp-content\/uploads\/2024\/06\/image-6.png 861w, http:\/\/www2.ic.uff.br\/pplay\/wp-content\/uploads\/2024\/06\/image-6-300x205.png 300w, http:\/\/www2.ic.uff.br\/pplay\/wp-content\/uploads\/2024\/06\/image-6-768x524.png 768w\" sizes=\"(max-width: 861px) 100vw, 861px\" \/><\/figure><\/div>\n\n\n<p>Pressione enter para iniciar um bloco e par\u00e1grafo e escreva aqui a descri\u00e7\u00e3o do seu jogo. Agora que voc\u00ea j\u00e1 se familiarizou com o editor do WordPress, continue a edi\u00e7\u00e3o da sua postagem de acordo com o texto a seguir.<\/p>\n\n\n\n<h3 class=\"wp-block-heading\">Padr\u00e3o de Publica\u00e7\u00e3o de Jogos<\/h3>\n\n\n\n<p>A publica\u00e7\u00e3o deve ter no m\u00ednimo 4 se\u00e7\u00f5es obrigat\u00f3rias.<\/p>\n\n\n\n<p><strong>Se\u00e7\u00e3o 1: Descri\u00e7\u00e3o<\/strong><br>A primeira se\u00e7\u00e3o deve iniciar com o t\u00edtulo do jogo seguido do texto de descri\u00e7\u00e3o com a hist\u00f3ria ou uma motiva\u00e7\u00e3o para jogar (n\u00e3o use imagens nessa parte) e o teaser incorporado ao post (apenas cole o link do youtube no final desta se\u00e7\u00e3o) sem nenhum subt\u00edtulo entre estes. N\u00e3o coloque imagens nesta se\u00e7\u00e3o, e n\u00e3o fa\u00e7a um texto muito curto para evitar que o v\u00eddeo apare\u00e7a cortado na Galeria (pode fazer o uso de IA para gerar um texto interessante e coerente com seu jogo)<\/p>\n\n\n\n<p><strong>Se\u00e7\u00e3o 2: Conte\u00fado do Jogo<\/strong><br>Aqui voc\u00ea inicia com o t\u00edtulo &#8220;Conte\u00fado do Jogo&#8221; usando t\u00edtulo h2 (pode ser visto no menu do editor, e j\u00e1 \u00e9 o padr\u00e3o ao inserir um t\u00edtulo no editor do WordPress).<\/p>\n\n\n<div class=\"wp-block-image\">\n<figure class=\"aligncenter size-full is-resized\"><img loading=\"lazy\" decoding=\"async\" width=\"399\" height=\"46\" src=\"http:\/\/www2.ic.uff.br\/pplay\/wp-content\/uploads\/2024\/06\/image-7.png\" alt=\"\" class=\"wp-image-535\" style=\"width:364px;height:auto\" srcset=\"http:\/\/www2.ic.uff.br\/pplay\/wp-content\/uploads\/2024\/06\/image-7.png 399w, http:\/\/www2.ic.uff.br\/pplay\/wp-content\/uploads\/2024\/06\/image-7-300x35.png 300w\" sizes=\"(max-width: 399px) 100vw, 399px\" \/><\/figure><\/div>\n\n\n<p>Ent\u00e3o crie um bloco de par\u00e1grafo para  explicar a din\u00e2mica do jogo, os objetivos, o que n\u00e3o deve fazer, e pode usar algumas imagens e descrever algumas partes principais. N\u00e3o use a imagem principal do jogo, ela ser\u00e1 usada mais adiante para ficar na capa do post.<\/p>\n\n\n\n<p><strong>Se\u00e7\u00e3o 3: Download<\/strong><br>Escreva &#8220;Link para itch.io&#8221;, selecione o texto e coloque o link atrav\u00e9s do menu do editor do WordPress (ou pressionando &#8220;Ctrl + k&#8221; ap\u00f3s selecionar o texto). Caso tenha outros reposit\u00f3rios remotos como GitHub, use um bloco de lista pra adicion\u00e1-los e coloque o link desta mesma forma.<\/p>\n\n\n\n<p><strong>Se\u00e7\u00e3o 4: Instru\u00e7\u00f5es de Instala\u00e7\u00e3o (opcional)<\/strong><br>Caso voc\u00ea tenha gerado um execut\u00e1vel ou avalie que o usu\u00e1rio final poder\u00e1 ter dificuldades na instala\u00e7\u00e3o, escreva um texto para ajud\u00e1-lo nesta etapa.<\/p>\n\n\n\n<p><strong>Se\u00e7\u00e3o 5: \u00c1rea Livre (opcional)<\/strong><br>Coloque aqui quaisquer outras se\u00e7\u00f5es que voc\u00ea achar interessante.<\/p>\n\n\n\n<p><strong>Se\u00e7\u00e3o 6: Cr\u00e9ditos<br><\/strong>Inicie esta se\u00e7\u00e3o com os nomes dos desenvolvedores (em uma lista), e opcionalmente pode escrever um texto relatando as experi\u00eancias da equipe. Voc\u00ea pode opcionalmente selecionar o nome de cada desenvolvedor e colocar um link no formato &#8220;mailto:aluno@email.com&#8221;.<\/p>\n\n\n<div class=\"wp-block-image\">\n<figure class=\"aligncenter size-full is-resized\"><img loading=\"lazy\" decoding=\"async\" width=\"347\" height=\"204\" src=\"http:\/\/www2.ic.uff.br\/pplay\/wp-content\/uploads\/2024\/06\/image-8.png\" alt=\"\" class=\"wp-image-537\" style=\"width:333px;height:auto\" srcset=\"http:\/\/www2.ic.uff.br\/pplay\/wp-content\/uploads\/2024\/06\/image-8.png 347w, http:\/\/www2.ic.uff.br\/pplay\/wp-content\/uploads\/2024\/06\/image-8-300x176.png 300w\" sizes=\"(max-width: 347px) 100vw, 347px\" \/><\/figure><\/div>\n\n\n<p>Assim os leitores poder\u00e3o entrar em contato com voc\u00ea. No final da se\u00e7\u00e3o, coloque tamb\u00e9m em uma lista separada os nomes dos autores que criaram as imagens, m\u00fasicas ou qualquer outro conte\u00fado usado no seu jogo.<\/p>\n\n\n\n<h2 class=\"wp-block-heading\">Configura\u00e7\u00f5es da Publica\u00e7\u00e3o<\/h2>\n\n\n\n<p>Agora que o conte\u00fado est\u00e1 pronto, voc\u00ea deve configurar sua postagem abrindo o menu clicando no \u00edcone do canto superior direito.<\/p>\n\n\n<div class=\"wp-block-image\">\n<figure class=\"aligncenter size-full is-resized\"><img loading=\"lazy\" decoding=\"async\" width=\"865\" height=\"643\" src=\"http:\/\/www2.ic.uff.br\/pplay\/wp-content\/uploads\/2024\/06\/image-9.png\" alt=\"\" class=\"wp-image-538\" style=\"width:591px;height:auto\" srcset=\"http:\/\/www2.ic.uff.br\/pplay\/wp-content\/uploads\/2024\/06\/image-9.png 865w, http:\/\/www2.ic.uff.br\/pplay\/wp-content\/uploads\/2024\/06\/image-9-300x223.png 300w, http:\/\/www2.ic.uff.br\/pplay\/wp-content\/uploads\/2024\/06\/image-9-768x571.png 768w\" sizes=\"(max-width: 865px) 100vw, 865px\" \/><\/figure><\/div>\n\n\n<p>Certifique-se de estar na aba &#8220;Post&#8221; e abra as se\u00e7\u00f5es que voc\u00ea  ir\u00e1 editar.<\/p>\n\n\n\n<h3 class=\"wp-block-heading\">Se\u00e7\u00e3o Tag<\/h3>\n\n\n\n<p>Escreva a primeira letra em mai\u00fasculo da tag que deseja adicionar. Quanto estiver escrevendo, algumas sugest\u00f5es dever\u00e3o aparecer. Essas sugest\u00f5es possivelmente est\u00e3o na lista abaixo. Evite usar tags que n\u00e3o est\u00e3o na lista para que seu jogo possa ser encontrado mais facilmente pelos outros usu\u00e1rios:<\/p>\n\n\n\n<ul>\n<li>A\u00e7\u00e3o<\/li>\n\n\n\n<li>Aventura<\/li>\n\n\n\n<li>Battle Royale<\/li>\n\n\n\n<li>Beat &#8217;em Up<\/li>\n\n\n\n<li>Bullet Hell<\/li>\n\n\n\n<li>Cartas<\/li>\n\n\n\n<li>Corrida<\/li>\n\n\n\n<li>Educacional<\/li>\n\n\n\n<li>Esporte<\/li>\n\n\n\n<li>Estrat\u00e9gia<\/li>\n\n\n\n<li>Hack and Slash<\/li>\n\n\n\n<li>Horror<\/li>\n\n\n\n<li>Luta<\/li>\n\n\n\n<li>Metroidvania<\/li>\n\n\n\n<li>MOBA<\/li>\n\n\n\n<li>M\u00fasica<\/li>\n\n\n\n<li>Plataforma<\/li>\n\n\n\n<li>Point-and-Click<\/li>\n\n\n\n<li>Puzzle<\/li>\n\n\n\n<li>Quebra-cabe\u00e7a<\/li>\n\n\n\n<li>Roguelike<\/li>\n\n\n\n<li>RPG<\/li>\n\n\n\n<li>Sandbox<\/li>\n\n\n\n<li>Simula\u00e7\u00e3o<\/li>\n\n\n\n<li>Sobreviv\u00eancia<\/li>\n\n\n\n<li>Stealth<\/li>\n\n\n\n<li>Tabuleiro<\/li>\n\n\n\n<li>Tiro<\/li>\n\n\n\n<li>Tower Defense<\/li>\n\n\n\n<li>Visual Novel<\/li>\n\n\n\n<li>C\u00e2mera A\u00e9rea<\/li>\n\n\n\n<li>C\u00e2mera Ajust\u00e1vel<\/li>\n\n\n\n<li>C\u00e2mera Autom\u00e1tica<\/li>\n\n\n\n<li>C\u00e2mera de Rolagem<\/li>\n\n\n\n<li>C\u00e2mera Est\u00e1tica<\/li>\n\n\n\n<li>Vista Superior<\/li>\n<\/ul>\n\n\n\n<h3 class=\"wp-block-heading\">Imagem Destacada<\/h3>\n\n\n\n<p>Aqui voc\u00ea ir\u00e1 colocar a imagem de capa da sua postagem. Ela ir\u00e1 aparecer nas pesquisas e na galeria Tente manter a propor\u00e7\u00e3o 500(largura) x 300(altura) para ficar em harmonia com os outros posts.<\/p>\n\n\n\n<h3 class=\"wp-block-heading\">Resumo<\/h3>\n\n\n\n<p>Aqui voc\u00ea pode colocar um texto curto que ir\u00e1 aparecer nas pesquisas ou na pagina inicial caso seu jogo seja destacado. Se voc\u00ea optar por n\u00e3o colocar nenhum texto, por padr\u00e3o ser\u00e1 adotado o texto do in\u00edcio da postagem (esse comportamento n\u00e3o \u00e9 alterado na Galeria). Aqui voc\u00ea pode ter um pouco mais de controle sobre onde o texto ser\u00e1 truncado.<\/p>\n\n\n\n<h3 class=\"wp-block-heading\">Discuss\u00e3o<\/h3>\n\n\n\n<p>Aqui voc\u00ea habilita os coment\u00e1rios. Todos s\u00e3o moderados pelos administradores antes da publica\u00e7\u00e3o.<\/p>\n\n\n\n<h2 class=\"wp-block-heading\">Finalizando<\/h2>\n\n\n\n<p>Finalmente voc\u00ea pode clicar em publicar mantendo todas as outras configura\u00e7\u00f5es por padr\u00e3o. Clique em publicar novamente para que sua postagem esteja dispon\u00edvel. Avalie sua postagem na galeria e nas pesquisas. Caso queira fazer altera\u00e7\u00f5es basta estar logado, acessar este link e editar sua postagem.<\/p>\n\n\n\n<p><strong>Cr\u00e9ditos: <a href=\"mailto:sergioherman@id.uff.br\">Sergio Herman<\/a><\/strong><\/p>\n","protected":false},"excerpt":{"rendered":"<p>Alunos da disciplina Laborat\u00f3rio de Programa\u00e7\u00e3o de Jogos (UFF) devem publicar os seus jogos aqui. Para isso, solicite ao administrador atrav\u00e9s da nossa p\u00e1gina de Contato um login exclusivo para que voc\u00ea crie sua postagem e divulgue seu jogo, e siga as instru\u00e7\u00f5es abaixo. Pr\u00e9-Requisitos Para publicar seu jogo voc\u00ea vai precisar ter em m\u00e3os: [&hellip;]<\/p>\n","protected":false},"author":1,"featured_media":0,"parent":57,"menu_order":1,"comment_status":"closed","ping_status":"closed","template":"tutorial-template.php","meta":{"footnotes":""},"_links":{"self":[{"href":"http:\/\/www2.ic.uff.br\/pplay\/wp-json\/wp\/v2\/pages\/135"}],"collection":[{"href":"http:\/\/www2.ic.uff.br\/pplay\/wp-json\/wp\/v2\/pages"}],"about":[{"href":"http:\/\/www2.ic.uff.br\/pplay\/wp-json\/wp\/v2\/types\/page"}],"author":[{"embeddable":true,"href":"http:\/\/www2.ic.uff.br\/pplay\/wp-json\/wp\/v2\/users\/1"}],"replies":[{"embeddable":true,"href":"http:\/\/www2.ic.uff.br\/pplay\/wp-json\/wp\/v2\/comments?post=135"}],"version-history":[{"count":14,"href":"http:\/\/www2.ic.uff.br\/pplay\/wp-json\/wp\/v2\/pages\/135\/revisions"}],"predecessor-version":[{"id":540,"href":"http:\/\/www2.ic.uff.br\/pplay\/wp-json\/wp\/v2\/pages\/135\/revisions\/540"}],"up":[{"embeddable":true,"href":"http:\/\/www2.ic.uff.br\/pplay\/wp-json\/wp\/v2\/pages\/57"}],"wp:attachment":[{"href":"http:\/\/www2.ic.uff.br\/pplay\/wp-json\/wp\/v2\/media?parent=135"}],"curies":[{"name":"wp","href":"https:\/\/api.w.org\/{rel}","templated":true}]}}