{"id":155,"date":"2024-06-07T09:07:49","date_gmt":"2024-06-07T12:07:49","guid":{"rendered":"http:\/\/pplay.local\/?page_id=155"},"modified":"2024-06-20T22:48:34","modified_gmt":"2024-06-21T01:48:34","slug":"releases","status":"publish","type":"page","link":"http:\/\/www2.ic.uff.br\/pplay\/download\/releases\/","title":{"rendered":"Releases"},"content":{"rendered":"\n<p>Abaixo encontram-se as vers\u00f5es lan\u00e7adas do PPlay.<\/p>\n\n\n\n<div class=\"wp-block-file\"><a id=\"wp-block-file--media-8a176dd4-841d-4031-a4b8-d9a6e3753ee1\" href=\"http:\/\/www2.ic.uff.br\/pplay\/wp-content\/uploads\/2024\/06\/PPlay1.1.zip\">PPlay1.1<\/a><a href=\"http:\/\/www2.ic.uff.br\/pplay\/wp-content\/uploads\/2024\/06\/PPlay1.1.zip\" class=\"wp-block-file__button wp-element-button\" download aria-describedby=\"wp-block-file--media-8a176dd4-841d-4031-a4b8-d9a6e3753ee1\">Download<\/a><\/div>\n\n\n\n<p><a href=\"https:\/\/github.com\/pplayframework\/PPlay1.1\/archive\/refs\/heads\/main.zip\">Vers\u00e3o 1.1: Link do GitHub para Download<\/a><\/p>\n\n\n\n<p>Na vers\u00e3o 1.1 foi implementado a funcionalidade perfect collided onde os pixels transparentes desconsiderados ao testar a colis\u00e3o.<\/p>\n\n\n\n<p>Abaixo encontra-se a vers\u00e3o mais antiga sem esta funcionalidade.<\/p>\n\n\n\n<div class=\"wp-block-file\"><a id=\"wp-block-file--media-7a26ef87-4e01-4132-9c38-d3cb2d8da4d6\" href=\"http:\/\/www2.ic.uff.br\/pplay\/wp-content\/uploads\/2024\/06\/PPlay_v1.0.zip\">PPlay_v1.0<\/a><a href=\"http:\/\/www2.ic.uff.br\/pplay\/wp-content\/uploads\/2024\/06\/PPlay_v1.0.zip\" class=\"wp-block-file__button wp-element-button\" download aria-describedby=\"wp-block-file--media-7a26ef87-4e01-4132-9c38-d3cb2d8da4d6\">Download<\/a><\/div>\n\n\n\n<p><a href=\"https:\/\/github.com\/pplayframework\/PPlay1.0\/archive\/refs\/heads\/main.zip\">Vers\u00e3o 1.0: Link do GitHub para Download<\/a><\/p>\n","protected":false},"excerpt":{"rendered":"<p>Abaixo encontram-se as vers\u00f5es lan\u00e7adas do PPlay. Vers\u00e3o 1.1: Link do GitHub para Download Na vers\u00e3o 1.1 foi implementado a funcionalidade perfect collided onde os pixels transparentes desconsiderados ao testar a colis\u00e3o. Abaixo encontra-se a vers\u00e3o mais antiga sem esta funcionalidade. Vers\u00e3o 1.0: Link do GitHub para Download<\/p>\n","protected":false},"author":1,"featured_media":0,"parent":40,"menu_order":1,"comment_status":"closed","ping_status":"closed","template":"download-template.php","meta":{"footnotes":""},"_links":{"self":[{"href":"http:\/\/www2.ic.uff.br\/pplay\/wp-json\/wp\/v2\/pages\/155"}],"collection":[{"href":"http:\/\/www2.ic.uff.br\/pplay\/wp-json\/wp\/v2\/pages"}],"about":[{"href":"http:\/\/www2.ic.uff.br\/pplay\/wp-json\/wp\/v2\/types\/page"}],"author":[{"embeddable":true,"href":"http:\/\/www2.ic.uff.br\/pplay\/wp-json\/wp\/v2\/users\/1"}],"replies":[{"embeddable":true,"href":"http:\/\/www2.ic.uff.br\/pplay\/wp-json\/wp\/v2\/comments?post=155"}],"version-history":[{"count":7,"href":"http:\/\/www2.ic.uff.br\/pplay\/wp-json\/wp\/v2\/pages\/155\/revisions"}],"predecessor-version":[{"id":531,"href":"http:\/\/www2.ic.uff.br\/pplay\/wp-json\/wp\/v2\/pages\/155\/revisions\/531"}],"up":[{"embeddable":true,"href":"http:\/\/www2.ic.uff.br\/pplay\/wp-json\/wp\/v2\/pages\/40"}],"wp:attachment":[{"href":"http:\/\/www2.ic.uff.br\/pplay\/wp-json\/wp\/v2\/media?parent=155"}],"curies":[{"name":"wp","href":"https:\/\/api.w.org\/{rel}","templated":true}]}}