{"id":367,"date":"2024-06-09T08:45:36","date_gmt":"2024-06-09T11:45:36","guid":{"rendered":"http:\/\/pplay.local\/?page_id=367"},"modified":"2024-06-20T22:22:42","modified_gmt":"2024-06-21T01:22:42","slug":"instalacao-simplificada-do-pygame-e-pplay","status":"publish","type":"page","link":"http:\/\/www2.ic.uff.br\/pplay\/instalacao\/instalacao-simplificada-do-pygame-e-pplay\/","title":{"rendered":"Instala\u00e7\u00e3o Simplificada do Pygame e PPlay"},"content":{"rendered":"\n<p class=\"obs\"><strong>ATEN\u00c7\u00c3O:<\/strong>&nbsp;esse tutorial se destina&nbsp;<strong>apenas<\/strong>&nbsp;aos usu\u00e1rios da plataforma Windows que j\u00e1 possuem o&nbsp;<em>Python 3<\/em>&nbsp;instalado em seu computador e que est\u00e3o encontrando problemas com o a instala\u00e7\u00e3o do&nbsp;<em>Pygame<\/em>&nbsp;e do&nbsp;<em>PPlay<\/em>. Caso voc\u00ea ainda n\u00e3o tenha o&nbsp;<em>Python<\/em>&nbsp;instalado, siga primeiro&nbsp;<a href=\"http:\/\/www2.ic.uff.br\/pplay\/instalacao\/\" data-type=\"page\" data-id=\"97\">este tutorial<\/a>.<\/p>\n\n\n\n<p><strong>Cr\u00e9ditos do Tutorial:\u00a0<\/strong><em>Gustavo Pergola Bahiense Dias<\/em>\u00a0e\u00a0<em>Jo\u00e3o Pedro S\u00e1 Medeiros<\/em>.<\/p>\n\n\n\n<h2 class=\"wp-block-heading\">Download<\/h2>\n\n\n\n<p>O primeiro passo \u00e9 realizar o\u00a0<a href=\"http:\/\/www2.ic.uff.br\/pplay\/download\/\" data-type=\"page\" data-id=\"40\">download do arquivo compactado<\/a>. Ele cont\u00e9m o\u00a0<em>Pygame<\/em>\u00a0e o\u00a0<em>PPlay<\/em>, prontos para uso.<\/p>\n\n\n\n<h2 class=\"wp-block-heading\">Descompacta\u00e7\u00e3o<\/h2>\n\n\n<div class=\"wp-block-image\">\n<figure class=\"aligncenter size-full is-resized\"><img loading=\"lazy\" decoding=\"async\" width=\"800\" height=\"381\" src=\"http:\/\/www2.ic.uff.br\/pplay\/wp-content\/uploads\/2024\/06\/image-3-1.png\" alt=\"\" class=\"wp-image-525\" style=\"width:783px;height:auto\" srcset=\"http:\/\/www2.ic.uff.br\/pplay\/wp-content\/uploads\/2024\/06\/image-3-1.png 800w, http:\/\/www2.ic.uff.br\/pplay\/wp-content\/uploads\/2024\/06\/image-3-1-300x143.png 300w, http:\/\/www2.ic.uff.br\/pplay\/wp-content\/uploads\/2024\/06\/image-3-1-768x366.png 768w\" sizes=\"(max-width: 800px) 100vw, 800px\" \/><\/figure><\/div>\n\n\n<p>Extraia o arquivo&nbsp;<em>.rar<\/em>&nbsp;diretamente na pasta da sua instala\u00e7\u00e3o do&nbsp;<em>Python 3.4<\/em>. Por padr\u00e3o, est\u00e1 pasta est\u00e1 localizada em&nbsp;<em>C:\\Python34<\/em>.<\/p>\n\n\n\n<p>Caso questionado, permita a substitui\u00e7\u00e3o dos arquivos.<\/p>\n\n\n\n<hr class=\"wp-block-separator has-alpha-channel-opacity\"\/>\n\n\n\n<p><strong>Cr\u00e9ditos do Tutorial<\/strong>: Gustavo Pergola Bahiense Dias e Jo\u00e3o Pedro S\u00e1 Medeiros<\/p>\n","protected":false},"excerpt":{"rendered":"<p>ATEN\u00c7\u00c3O:&nbsp;esse tutorial se destina&nbsp;apenas&nbsp;aos usu\u00e1rios da plataforma Windows que j\u00e1 possuem o&nbsp;Python 3&nbsp;instalado em seu computador e que est\u00e3o encontrando problemas com o a instala\u00e7\u00e3o do&nbsp;Pygame&nbsp;e do&nbsp;PPlay. Caso voc\u00ea ainda n\u00e3o tenha o&nbsp;Python&nbsp;instalado, siga primeiro&nbsp;este tutorial. Cr\u00e9ditos do Tutorial:\u00a0Gustavo Pergola Bahiense Dias\u00a0e\u00a0Jo\u00e3o Pedro S\u00e1 Medeiros. Download O primeiro passo \u00e9 realizar o\u00a0download do arquivo compactado. [&hellip;]<\/p>\n","protected":false},"author":1,"featured_media":0,"parent":97,"menu_order":2,"comment_status":"closed","ping_status":"closed","template":"general-template-sem-sidebar-sem-div.php","meta":{"footnotes":""},"_links":{"self":[{"href":"http:\/\/www2.ic.uff.br\/pplay\/wp-json\/wp\/v2\/pages\/367"}],"collection":[{"href":"http:\/\/www2.ic.uff.br\/pplay\/wp-json\/wp\/v2\/pages"}],"about":[{"href":"http:\/\/www2.ic.uff.br\/pplay\/wp-json\/wp\/v2\/types\/page"}],"author":[{"embeddable":true,"href":"http:\/\/www2.ic.uff.br\/pplay\/wp-json\/wp\/v2\/users\/1"}],"replies":[{"embeddable":true,"href":"http:\/\/www2.ic.uff.br\/pplay\/wp-json\/wp\/v2\/comments?post=367"}],"version-history":[{"count":4,"href":"http:\/\/www2.ic.uff.br\/pplay\/wp-json\/wp\/v2\/pages\/367\/revisions"}],"predecessor-version":[{"id":526,"href":"http:\/\/www2.ic.uff.br\/pplay\/wp-json\/wp\/v2\/pages\/367\/revisions\/526"}],"up":[{"embeddable":true,"href":"http:\/\/www2.ic.uff.br\/pplay\/wp-json\/wp\/v2\/pages\/97"}],"wp:attachment":[{"href":"http:\/\/www2.ic.uff.br\/pplay\/wp-json\/wp\/v2\/media?parent=367"}],"curies":[{"name":"wp","href":"https:\/\/api.w.org\/{rel}","templated":true}]}}