{"id":371,"date":"2024-06-09T08:49:04","date_gmt":"2024-06-09T11:49:04","guid":{"rendered":"http:\/\/pplay.local\/?page_id=371"},"modified":"2024-06-19T13:05:39","modified_gmt":"2024-06-19T16:05:39","slug":"utilizando-o-portable-python","status":"publish","type":"page","link":"http:\/\/www2.ic.uff.br\/pplay\/instalacao\/utilizando-o-portable-python\/","title":{"rendered":"Utilizando o Portable Python"},"content":{"rendered":"\n<h2 class=\"wp-block-heading\">Introdu\u00e7\u00e3o<\/h2>\n\n\n\n<p>O&nbsp;<a href=\"http:\/\/portablepython.com\/\" target=\"_blank\" rel=\"noreferrer noopener\">Portable Python<\/a>&nbsp;\u00e9 uma vers\u00e3o pr\u00e9-configurada que n\u00e3o necessita de instala\u00e7\u00e3o. Ela foi criada para facilitar o acesso ao ambiente de desenvolvimento&nbsp;<em>Python<\/em>&nbsp;e possibilitar a utiliza\u00e7\u00e3o port\u00e1til, inclusive em dispositivos remov\u00edveis como pen drives.<\/p>\n\n\n\n<h2 class=\"wp-block-heading\">Download<\/h2>\n\n\n\n<p>O download do execut\u00e1vel pode ser efetuado na&nbsp;<a href=\"http:\/\/portablepython.com\/wiki\/PortablePython2.7.6.1\/\" target=\"_blank\" rel=\"noreferrer noopener\">p\u00e1gina oficial do projeto<\/a>, ou diretamente atrav\u00e9s&nbsp;<a href=\"http:\/\/ftp.osuosl.org\/pub\/portablepython\/v2.7\/PortablePython_2.7.6.1.exe\" target=\"_blank\" rel=\"noreferrer noopener\">desse link<\/a>. A vers\u00e3o que utilizaremos nesse tutorial \u00e9 a&nbsp;<em>2.7.6.1<\/em>.<\/p>\n\n\n\n<h2 class=\"wp-block-heading\">Instala\u00e7\u00e3o<\/h2>\n\n\n\n<p>Ap\u00f3s o t\u00e9rmino do download, acione o execut\u00e1vel&nbsp;<em>(PortablePython_2.7.6.1.exe)<\/em>. Na primeira tela do instalador, clique em&nbsp;<em>Next<\/em>.<\/p>\n\n\n<div class=\"wp-block-image\">\n<figure class=\"aligncenter\"><a href=\"http:\/\/www2.ic.uff.br\/pplay\/wp-content\/uploads\/2015\/08\/passo1.jpg\"><img decoding=\"async\" src=\"http:\/\/www2.ic.uff.br\/pplay\/wp-content\/uploads\/2015\/08\/passo1-300x234.jpg\" alt=\"\" class=\"wp-image-196\"\/><\/a><\/figure><\/div>\n\n\n<p>Na tela seguinte voc\u00ea deve definir em que pasta deseja colocar o programa. Para selecionar a pasta,&nbsp;<em>clique em Browse<\/em>.<\/p>\n\n\n<div class=\"wp-block-image\">\n<figure class=\"aligncenter\"><a href=\"http:\/\/www2.ic.uff.br\/pplay\/wp-content\/uploads\/2015\/08\/passo2.jpg\"><img decoding=\"async\" src=\"http:\/\/www2.ic.uff.br\/pplay\/wp-content\/uploads\/2015\/08\/passo2-300x234.jpg\" alt=\"\" class=\"wp-image-197\"\/><\/a><\/figure><\/div>\n\n\n<p>Selecione na caixa de di\u00e1logo que abriu a pasta desejada e clique em&nbsp;<em>Ok<\/em>. Em nosso tutorial, estamos utilizando a raiz do&nbsp;<em>Disco Local (C:)<\/em>.<\/p>\n\n\n<div class=\"wp-block-image\">\n<figure class=\"aligncenter\"><a href=\"http:\/\/www2.ic.uff.br\/pplay\/wp-content\/uploads\/2015\/08\/passo3.jpg\"><img decoding=\"async\" src=\"http:\/\/www2.ic.uff.br\/pplay\/wp-content\/uploads\/2015\/08\/passo3-300x234.jpg\" alt=\"\" class=\"wp-image-198\"\/><\/a><\/figure><\/div>\n\n\n<p>Perceba que o instalador j\u00e1 nomeou automaticamente a subpasta para o programa. Clique em&nbsp;<em>Next<\/em>&nbsp;para continuar.<\/p>\n\n\n<div class=\"wp-block-image\">\n<figure class=\"aligncenter\"><a href=\"http:\/\/www2.ic.uff.br\/pplay\/wp-content\/uploads\/2015\/08\/passo4.jpg\"><img decoding=\"async\" src=\"http:\/\/www2.ic.uff.br\/pplay\/wp-content\/uploads\/2015\/08\/passo4-300x234.jpg\" alt=\"\" class=\"wp-image-199\"\/><\/a><\/figure><\/div>\n\n\n<p>Clique em&nbsp;<em>Install<\/em>.<\/p>\n\n\n<div class=\"wp-block-image\">\n<figure class=\"aligncenter\"><a href=\"http:\/\/www2.ic.uff.br\/pplay\/wp-content\/uploads\/2015\/08\/passo5.jpg\"><img decoding=\"async\" src=\"http:\/\/www2.ic.uff.br\/pplay\/wp-content\/uploads\/2015\/08\/passo5-300x234.jpg\" alt=\"\" class=\"wp-image-200\"\/><\/a><\/figure><\/div>\n\n\n<p>Essa parte da instala\u00e7\u00e3o pode demorar alguns minutos. Ap\u00f3s o t\u00e9rmino do processo, voc\u00ea ver\u00e1 uma tela de conclus\u00e3o. Clique em&nbsp;<em>Finnish<\/em>&nbsp;para finalizar.<\/p>\n\n\n<div class=\"wp-block-image\">\n<figure class=\"aligncenter\"><a href=\"http:\/\/www2.ic.uff.br\/pplay\/wp-content\/uploads\/2015\/08\/passo6.jpg\"><img decoding=\"async\" src=\"http:\/\/www2.ic.uff.br\/pplay\/wp-content\/uploads\/2015\/08\/passo6-300x234.jpg\" alt=\"\" class=\"wp-image-201\"\/><\/a><\/figure><\/div>\n\n\n<p>Pronto! Agora voc\u00ea j\u00e1 tem o Python dispon\u00edvel em seu computador!<\/p>\n\n\n\n<h2 class=\"wp-block-heading\">PyGame<\/h2>\n\n\n\n<p>O\u00a0<em>Portable Python<\/em>\u00a0j\u00e1 possui a biblioteca\u00a0<em><a href=\"http:\/\/pygame.org\/\" target=\"_blank\" rel=\"noreferrer noopener\">Pygame<\/a><\/em>\u00a0instalada nativamente. Logo, n\u00e3o \u00e9 necess\u00e1rio realizar nenhuma a\u00e7\u00e3o adicional para utiliz\u00e1-la.<\/p>\n\n\n\n<h2 class=\"wp-block-heading\">PPlay<\/h2>\n\n\n\n<p>Para fazer download do\u00a0<em>PPlay<\/em>\u00a0clique\u00a0<a href=\"http:\/\/www2.ic.uff.br\/pplay\/download\/\" data-type=\"page\" data-id=\"40\">aqui<\/a>.<\/p>\n\n\n\n<p>Ap\u00f3s extrair o conte\u00fado do arquivo, mova a pasta&nbsp;<em>PPlay<\/em>&nbsp;para a subpasta&nbsp;<em>\\App\\Lib<\/em>&nbsp;no local que voc\u00ea instalou o&nbsp;<em>Portable Python<\/em>&nbsp;nos passos anteriores.<\/p>\n\n\n\n<p>Como utilizamos a pasta&nbsp;<em>C:\\Portable Python 2.7.6.1<\/em>&nbsp;em nosso tutorial, devemos navegar at\u00e9 a pasta&nbsp;<em>C:\\Portable Python 2.7.6.1\\App\\Lib<\/em>&nbsp;e colar a pasta do&nbsp;<em>PPlay<\/em>.<\/p>\n\n\n<div class=\"wp-block-image\">\n<figure class=\"aligncenter\"><a href=\"http:\/\/www2.ic.uff.br\/pplay\/wp-content\/uploads\/2015\/08\/passo7.jpg\"><img decoding=\"async\" src=\"http:\/\/www2.ic.uff.br\/pplay\/wp-content\/uploads\/2015\/08\/passo7-300x182.jpg\" alt=\"\" class=\"wp-image-202\"\/><\/a><\/figure><\/div>\n\n\n<p>Pronto, agora voc\u00ea j\u00e1\u00a0<em>PPlay<\/em>\u00a0j\u00e1 est\u00e1 dispon\u00edvel em seu\u00a0<em>Portable Python<\/em>!<\/p>\n\n\n\n<hr class=\"wp-block-separator has-alpha-channel-opacity\"\/>\n\n\n\n<p><strong>Cr\u00e9ditos do Tutorial<\/strong>:\u00a0Ad\u00f4nis Gasiglia<\/p>\n","protected":false},"excerpt":{"rendered":"<p>Introdu\u00e7\u00e3o O&nbsp;Portable Python&nbsp;\u00e9 uma vers\u00e3o pr\u00e9-configurada que n\u00e3o necessita de instala\u00e7\u00e3o. Ela foi criada para facilitar o acesso ao ambiente de desenvolvimento&nbsp;Python&nbsp;e possibilitar a utiliza\u00e7\u00e3o port\u00e1til, inclusive em dispositivos remov\u00edveis como pen drives. Download O download do execut\u00e1vel pode ser efetuado na&nbsp;p\u00e1gina oficial do projeto, ou diretamente atrav\u00e9s&nbsp;desse link. A vers\u00e3o que utilizaremos nesse tutorial [&hellip;]<\/p>\n","protected":false},"author":1,"featured_media":0,"parent":97,"menu_order":3,"comment_status":"closed","ping_status":"closed","template":"general-template-sem-sidebar-sem-div.php","meta":{"footnotes":""},"_links":{"self":[{"href":"http:\/\/www2.ic.uff.br\/pplay\/wp-json\/wp\/v2\/pages\/371"}],"collection":[{"href":"http:\/\/www2.ic.uff.br\/pplay\/wp-json\/wp\/v2\/pages"}],"about":[{"href":"http:\/\/www2.ic.uff.br\/pplay\/wp-json\/wp\/v2\/types\/page"}],"author":[{"embeddable":true,"href":"http:\/\/www2.ic.uff.br\/pplay\/wp-json\/wp\/v2\/users\/1"}],"replies":[{"embeddable":true,"href":"http:\/\/www2.ic.uff.br\/pplay\/wp-json\/wp\/v2\/comments?post=371"}],"version-history":[{"count":2,"href":"http:\/\/www2.ic.uff.br\/pplay\/wp-json\/wp\/v2\/pages\/371\/revisions"}],"predecessor-version":[{"id":475,"href":"http:\/\/www2.ic.uff.br\/pplay\/wp-json\/wp\/v2\/pages\/371\/revisions\/475"}],"up":[{"embeddable":true,"href":"http:\/\/www2.ic.uff.br\/pplay\/wp-json\/wp\/v2\/pages\/97"}],"wp:attachment":[{"href":"http:\/\/www2.ic.uff.br\/pplay\/wp-json\/wp\/v2\/media?parent=371"}],"curies":[{"name":"wp","href":"https:\/\/api.w.org\/{rel}","templated":true}]}}