{"id":57,"date":"2024-06-07T09:22:48","date_gmt":"2024-06-07T09:22:48","guid":{"rendered":"http:\/\/pplay.local\/?page_id=57"},"modified":"2024-06-09T07:10:13","modified_gmt":"2024-06-09T10:10:13","slug":"tutoriais","status":"publish","type":"page","link":"http:\/\/www2.ic.uff.br\/pplay\/tutoriais\/","title":{"rendered":"Tutoriais"},"content":{"rendered":"\n<p>Bem-vindo \u00e0 se\u00e7\u00e3o de tutoriais! Aqui, oferecemos recursos projetados especialmente para iniciantes que desejam aprender a programar jogos usando o PPlay. Nossos tutoriais s\u00e3o acess\u00edveis e f\u00e1ceis de seguir, abrangendo desde no\u00e7\u00f5es b\u00e1sicas at\u00e9 alguns conceitos do uso de orienta\u00e7\u00e3o a objetos. Al\u00e9m disso, voc\u00ea encontrar\u00e1 um tutorial completo para criar o cl\u00e1ssico jogo Space Invaders, que demonstra como aplicar esses conceitos na pr\u00e1tica.<\/p>\n","protected":false},"excerpt":{"rendered":"<p>Bem-vindo \u00e0 se\u00e7\u00e3o de tutoriais! Aqui, oferecemos recursos projetados especialmente para iniciantes que desejam aprender a programar jogos usando o PPlay. Nossos tutoriais s\u00e3o acess\u00edveis e f\u00e1ceis de seguir, abrangendo desde no\u00e7\u00f5es b\u00e1sicas at\u00e9 alguns conceitos do uso de orienta\u00e7\u00e3o a objetos. Al\u00e9m disso, voc\u00ea encontrar\u00e1 um tutorial completo para criar o cl\u00e1ssico jogo Space [&hellip;]<\/p>\n","protected":false},"author":1,"featured_media":0,"parent":0,"menu_order":5,"comment_status":"closed","ping_status":"closed","template":"tutorial-template.php","meta":{"footnotes":""},"_links":{"self":[{"href":"http:\/\/www2.ic.uff.br\/pplay\/wp-json\/wp\/v2\/pages\/57"}],"collection":[{"href":"http:\/\/www2.ic.uff.br\/pplay\/wp-json\/wp\/v2\/pages"}],"about":[{"href":"http:\/\/www2.ic.uff.br\/pplay\/wp-json\/wp\/v2\/types\/page"}],"author":[{"embeddable":true,"href":"http:\/\/www2.ic.uff.br\/pplay\/wp-json\/wp\/v2\/users\/1"}],"replies":[{"embeddable":true,"href":"http:\/\/www2.ic.uff.br\/pplay\/wp-json\/wp\/v2\/comments?post=57"}],"version-history":[{"count":2,"href":"http:\/\/www2.ic.uff.br\/pplay\/wp-json\/wp\/v2\/pages\/57\/revisions"}],"predecessor-version":[{"id":340,"href":"http:\/\/www2.ic.uff.br\/pplay\/wp-json\/wp\/v2\/pages\/57\/revisions\/340"}],"wp:attachment":[{"href":"http:\/\/www2.ic.uff.br\/pplay\/wp-json\/wp\/v2\/media?parent=57"}],"curies":[{"name":"wp","href":"https:\/\/api.w.org\/{rel}","templated":true}]}}