{"id":61,"date":"2024-06-07T09:23:11","date_gmt":"2024-06-07T09:23:11","guid":{"rendered":"http:\/\/pplay.local\/?page_id=61"},"modified":"2024-06-19T13:28:07","modified_gmt":"2024-06-19T16:28:07","slug":"contato","status":"publish","type":"page","link":"http:\/\/www2.ic.uff.br\/pplay\/contato\/","title":{"rendered":"Contato"},"content":{"rendered":"\n<p>Estamos dispostos a atender a comunidade da melhor maneira poss\u00edvel. Tem alguma d\u00favida, sugest\u00e3o ou cr\u00edtica, entre em contato conosco. Gostar\u00edamos de conhecer suas ideias. Voc\u00ea pode falar diretamente com o Esteban Clua clicando <a href=\"mailto:esteban@ic.uff.br\">neste link<\/a>.<\/p>\n\n\n\n<p>Caso seja aluno da disciplina Laborat\u00f3rio de Programa\u00e7\u00e3o de Jogos da UFF, em caso de d\u00favidas ou para solicitar um login para publicar seu jogo, entre em contato com o monitor Sergio Herman <a href=\"mailto:sergioherman@id.uff.br\">clicando aqui<\/a>.<\/p>\n\n\n\n<p>Caso n\u00e3o seja aluno e gostaria de solicitar a postagem do seu jogo (que deve usar a ferramenta PPlay), entre em contato com nosso e-mail <a href=\"mailto:pplayframework@gmail.com\">clicando aqui<\/a>.<\/p>\n","protected":false},"excerpt":{"rendered":"<p>Estamos dispostos a atender a comunidade da melhor maneira poss\u00edvel. Tem alguma d\u00favida, sugest\u00e3o ou cr\u00edtica, entre em contato conosco. Gostar\u00edamos de conhecer suas ideias. Voc\u00ea pode falar diretamente com o Esteban Clua clicando neste link. Caso seja aluno da disciplina Laborat\u00f3rio de Programa\u00e7\u00e3o de Jogos da UFF, em caso de d\u00favidas ou para solicitar [&hellip;]<\/p>\n","protected":false},"author":1,"featured_media":0,"parent":0,"menu_order":7,"comment_status":"closed","ping_status":"closed","template":"general-template-sem-sidebar-sem-div.php","meta":{"footnotes":""},"_links":{"self":[{"href":"http:\/\/www2.ic.uff.br\/pplay\/wp-json\/wp\/v2\/pages\/61"}],"collection":[{"href":"http:\/\/www2.ic.uff.br\/pplay\/wp-json\/wp\/v2\/pages"}],"about":[{"href":"http:\/\/www2.ic.uff.br\/pplay\/wp-json\/wp\/v2\/types\/page"}],"author":[{"embeddable":true,"href":"http:\/\/www2.ic.uff.br\/pplay\/wp-json\/wp\/v2\/users\/1"}],"replies":[{"embeddable":true,"href":"http:\/\/www2.ic.uff.br\/pplay\/wp-json\/wp\/v2\/comments?post=61"}],"version-history":[{"count":3,"href":"http:\/\/www2.ic.uff.br\/pplay\/wp-json\/wp\/v2\/pages\/61\/revisions"}],"predecessor-version":[{"id":488,"href":"http:\/\/www2.ic.uff.br\/pplay\/wp-json\/wp\/v2\/pages\/61\/revisions\/488"}],"wp:attachment":[{"href":"http:\/\/www2.ic.uff.br\/pplay\/wp-json\/wp\/v2\/media?parent=61"}],"curies":[{"name":"wp","href":"https:\/\/api.w.org\/{rel}","templated":true}]}}